{"id":3,"date":"2021-10-31T15:55:11","date_gmt":"2021-10-31T14:55:11","guid":{"rendered":"http:\/\/mathias-arts.com\/fr\/?page_id=3"},"modified":"2022-11-17T16:29:12","modified_gmt":"2022-11-17T15:29:12","slug":"politique-de-confidentialite","status":"publish","type":"page","link":"https:\/\/mathias-arts.com\/fr\/politique-de-confidentialite\/","title":{"rendered":"Mentions L\u00e9gales"},"content":{"rendered":"\n<p>Le pr\u00e9sent site Internet est la propri\u00e9t\u00e9 exclusive de<br><strong>Mathias GUILLOIS<\/strong> &#8211; Artiste peintre<br><br>17 bis rue de la R\u00e9publique<br><strong>29200 BREST<\/strong><br>06 11 96 25 88<br><a href=\"mailto:mathias-arts@hotmail.com\">E-mail<\/a><\/p>\n\n\n\n<p>SIRET 519 538 466 00045<\/p>\n\n\n\n<p><strong>Donn\u00e9es personnelles et cookies<br><\/strong>Les informations recueillies \u00e0 partir du <a rel=\"noreferrer noopener\" href=\"https:\/\/mathias-arts.com\/fr\/contact\/\" data-type=\"page\" data-id=\"707\" target=\"_blank\">formulaire de contact<\/a> font l\u2019objet d\u2019un traitement informatique destin\u00e9 uniquement \u00e0 r\u00e9pondre \u00e0 vos demandes d\u2019informations. Ces donn\u00e9es ne sont en aucun cas transmises \u00e0 des tiers et, conform\u00e9ment \u00e0 la loi n\u00b078-17 du 6 janvier 1978 (modifi\u00e9e) relative \u00e0 l\u2019informatique, aux fichiers et aux libert\u00e9s, elles peuvent \u00eatre effac\u00e9es sur simple demande par \u00e9crit aux coordonn\u00e9es ci-dessus.<br>Les articles de ce site peuvent inclure des contenus int\u00e9gr\u00e9s (vid\u00e9os, images, articles\u2026). Le contenu int\u00e9gr\u00e9 depuis d\u2019autres sites se comporte de la m\u00eame mani\u00e8re que si le visiteur se rendait sur cet autre site. Ces sites web pourraient collecter des donn\u00e9es sur vous, utiliser des cookies, embarquer des outils de suivis tiers, suivre vos interactions avec ces contenus embarqu\u00e9s si vous disposez d\u2019un compte connect\u00e9 sur leur site web.<\/p>\n\n\n\n<p><strong>Propri\u00e9t\u00e9 intellectuelle<br><\/strong>Tous les \u00e9l\u00e9ments de ce site internet (textes et photos) sont la propri\u00e9t\u00e9 exclusive de <strong>Mathias GUILLOIS<\/strong> et ne sont pas librement utilisables. Toute reproduction totale ou partielle est soumise aux lois en vigueur sur la propri\u00e9t\u00e9 intellectuelle.<br><br><strong>Conception&nbsp;graphique<\/strong> <strong><a rel=\"noreferrer noopener\" href=\"http:\/\/www.cld.fr\/\" target=\"_blank\">CLD<\/a><\/strong><br><br><strong>Photographies<\/strong> <a href=\"https:\/\/mathias-arts.com\" data-type=\"URL\" data-id=\"https:\/\/mathias-arts.com\"><strong>\u00a9 Mathias GUILLOIS<\/strong><\/a><\/p>\n","protected":false},"excerpt":{"rendered":"<p>Le pr\u00e9sent site Internet est la propri\u00e9t\u00e9 exclusive deMathias GUILLOIS &#8211; Artiste peintre 17 bis rue de la R\u00e9publique29200 BREST06 11 96 25 88E-mail SIRET 519 538 466 00045 Donn\u00e9es personnelles et cookiesLes informations recueillies \u00e0 partir du formulaire de contact font l\u2019objet d\u2019un traitement informatique destin\u00e9 uniquement \u00e0 r\u00e9pondre \u00e0 vos demandes d\u2019informations. Ces [&hellip;]<\/p>\n","protected":false},"author":1,"featured_media":0,"parent":0,"menu_order":0,"comment_status":"closed","ping_status":"open","template":"","meta":{"footnotes":""},"class_list":["post-3","page","type-page","status-publish","hentry"],"_links":{"self":[{"href":"https:\/\/mathias-arts.com\/fr\/wp-json\/wp\/v2\/pages\/3","targetHints":{"allow":["GET"]}}],"collection":[{"href":"https:\/\/mathias-arts.com\/fr\/wp-json\/wp\/v2\/pages"}],"about":[{"href":"https:\/\/mathias-arts.com\/fr\/wp-json\/wp\/v2\/types\/page"}],"author":[{"embeddable":true,"href":"https:\/\/mathias-arts.com\/fr\/wp-json\/wp\/v2\/users\/1"}],"replies":[{"embeddable":true,"href":"https:\/\/mathias-arts.com\/fr\/wp-json\/wp\/v2\/comments?post=3"}],"version-history":[{"count":5,"href":"https:\/\/mathias-arts.com\/fr\/wp-json\/wp\/v2\/pages\/3\/revisions"}],"predecessor-version":[{"id":1379,"href":"https:\/\/mathias-arts.com\/fr\/wp-json\/wp\/v2\/pages\/3\/revisions\/1379"}],"wp:attachment":[{"href":"https:\/\/mathias-arts.com\/fr\/wp-json\/wp\/v2\/media?parent=3"}],"curies":[{"name":"wp","href":"https:\/\/api.w.org\/{rel}","templated":true}]}}